{"id":30,"date":"2023-05-09T13:19:58","date_gmt":"2023-05-09T13:19:58","guid":{"rendered":"https:\/\/www.caniclub.com\/?page_id=30"},"modified":"2024-04-22T09:33:12","modified_gmt":"2024-04-22T09:33:12","slug":"faq","status":"publish","type":"page","link":"https:\/\/www.caniclub.com\/en\/start\/faq\/","title":{"rendered":"FAQ"},"content":{"rendered":"<div data-elementor-type=\"wp-page\" data-elementor-id=\"30\" class=\"elementor elementor-30\">\n\t\t\t\t<div class=\"elementor-element elementor-element-7019064 e-flex e-con-boxed e-con e-parent\" data-id=\"7019064\" data-element_type=\"container\" data-settings=\"{&quot;content_width&quot;:&quot;boxed&quot;}\" data-core-v316-plus=\"true\">\n\t\t\t\t\t<div class=\"e-con-inner\">\n\t\t\t\t<div class=\"elementor-element elementor-element-fd7be81 elementor-widget elementor-widget-heading\" data-id=\"fd7be81\" data-element_type=\"widget\" data-widget_type=\"heading.default\">\n\t\t\t\t<div class=\"elementor-widget-container\">\n\t\t\t<style>\/*! elementor - v3.19.0 - 29-01-2024 *\/\n.elementor-heading-title{padding:0;margin:0;line-height:1}.elementor-widget-heading .elementor-heading-title[class*=elementor-size-]>a{color:inherit;font-size:inherit;line-height:inherit}.elementor-widget-heading .elementor-heading-title.elementor-size-small{font-size:15px}.elementor-widget-heading .elementor-heading-title.elementor-size-medium{font-size:19px}.elementor-widget-heading .elementor-heading-title.elementor-size-large{font-size:29px}.elementor-widget-heading .elementor-heading-title.elementor-size-xl{font-size:39px}.elementor-widget-heading .elementor-heading-title.elementor-size-xxl{font-size:59px}<\/style><h1 class=\"elementor-heading-title elementor-size-default\">FAQ<\/h1>\t\t<\/div>\n\t\t\t\t<\/div>\n\t\t\t\t<div class=\"elementor-element elementor-element-c113a37 elementor-widget elementor-widget-text-editor\" data-id=\"c113a37\" data-element_type=\"widget\" data-widget_type=\"text-editor.default\">\n\t\t\t\t<div class=\"elementor-widget-container\">\n\t\t\t<style>\/*! elementor - v3.19.0 - 29-01-2024 *\/\n.elementor-widget-text-editor.elementor-drop-cap-view-stacked .elementor-drop-cap{background-color:#69727d;color:#fff}.elementor-widget-text-editor.elementor-drop-cap-view-framed .elementor-drop-cap{color:#69727d;border:3px solid;background-color:transparent}.elementor-widget-text-editor:not(.elementor-drop-cap-view-default) .elementor-drop-cap{margin-top:8px}.elementor-widget-text-editor:not(.elementor-drop-cap-view-default) .elementor-drop-cap-letter{width:1em;height:1em}.elementor-widget-text-editor .elementor-drop-cap{float:left;text-align:center;line-height:1;font-size:50px}.elementor-widget-text-editor .elementor-drop-cap-letter{display:inline-block}<\/style>\t\t\t\t<p style=\"text-align: center;\"><span style=\"color: #ffffff;\">Do you have any questions? Here are some frequently asked questions.<\/span><\/p>\t\t\t\t\t\t<\/div>\n\t\t\t\t<\/div>\n\t\t\t\t\t<\/div>\n\t\t\t\t<\/div>\n\t\t<div class=\"elementor-element elementor-element-961bf75 e-flex e-con-boxed e-con e-parent\" data-id=\"961bf75\" data-element_type=\"container\" data-settings=\"{&quot;content_width&quot;:&quot;boxed&quot;}\" data-core-v316-plus=\"true\">\n\t\t\t\t\t<div class=\"e-con-inner\">\n\t\t\t\t<div class=\"elementor-element elementor-element-0ceb09b elementor-widget elementor-widget-eael-adv-accordion\" data-id=\"0ceb09b\" data-element_type=\"widget\" data-widget_type=\"eael-adv-accordion.default\">\n\t\t\t\t<div class=\"elementor-widget-container\">\n\t\t\t        <div class=\"eael-adv-accordion\" id=\"eael-adv-accordion-0ceb09b\" data-scroll-on-click=\"no\" data-scroll-speed=\"300\" data-accordion-id=\"0ceb09b\" data-accordion-type=\"accordion\" data-toogle-speed=\"300\">\n    <div class=\"eael-accordion-list\">\n                <div id=\"was-kann-caniclub-alles\" class=\"elementor-tab-title eael-accordion-header\" tabindex=\"0\" data-tab=\"1\" aria-controls=\"elementor-tab-content-1351\"><span class=\"eael-advanced-accordion-icon-closed\"><i aria-hidden=\"true\" class=\"fa-accordion-icon fas fa-plus\"><\/i><\/span><span class=\"eael-advanced-accordion-icon-opened\"><i aria-hidden=\"true\" class=\"fa-accordion-icon fas fa-minus\"><\/i><\/span><span class=\"eael-accordion-tab-title\">What can CaniClub do?<\/span><i aria-hidden=\"true\" class=\"fa-toggle fas fa-angle-right\"><\/i><\/div><div id=\"elementor-tab-content-1351\" class=\"eael-accordion-content clearfix\" data-tab=\"1\" aria-labelledby=\"was-kann-caniclub-alles\"><p>CaniClub offers a wide range of functions and modules that communicate and are interconnected.<\/p><ul><li>Digital breeding book<\/li><li>Dog database<\/li><li>Member management<\/li><li>Club overview<\/li><li>Electronic payment system for dues and services<\/li><li>Event planning, schedule protection, registration tool (via Caniva)<\/li><\/ul><\/div>\n                <\/div><div class=\"eael-accordion-list\">\n                <div id=\"ist-caniclub-nur-fr-rassezuchtvereine\" class=\"elementor-tab-title eael-accordion-header\" tabindex=\"0\" data-tab=\"2\" aria-controls=\"elementor-tab-content-1352\"><span class=\"eael-advanced-accordion-icon-closed\"><i aria-hidden=\"true\" class=\"fa-accordion-icon fas fa-plus\"><\/i><\/span><span class=\"eael-advanced-accordion-icon-opened\"><i aria-hidden=\"true\" class=\"fa-accordion-icon fas fa-minus\"><\/i><\/span><span class=\"eael-accordion-tab-title\">Is CaniClub only for breed clubs?<\/span><i aria-hidden=\"true\" class=\"fa-toggle fas fa-angle-right\"><\/i><\/div><div id=\"elementor-tab-content-1352\" class=\"eael-accordion-content clearfix\" data-tab=\"2\" aria-labelledby=\"ist-caniclub-nur-fr-rassezuchtvereine\"><p>No, CaniClub is not only for existing breed clubs. It offers a wide range of features and solutions for associations, dog sport clubs of all sizes, as well as for ambitious dog enthusiasts who may want to establish a club or simply organize and manage their training group. <br \/>It doesn't matter if you're a breeder, athlete, or a club looking to organize your daily routines and improve efficiency - CaniClub provides you with the right features and capabilities. With its user-friendly interface and tailored options, anyone involved with dogs can benefit from CaniClub and make their organizational work more efficient and enjoyable.<\/p><\/div>\n                <\/div><div class=\"eael-accordion-list\">\n                <div id=\"wie-viel-kostet-mich-caniclub\" class=\"elementor-tab-title eael-accordion-header\" tabindex=\"0\" data-tab=\"3\" aria-controls=\"elementor-tab-content-1353\"><span class=\"eael-advanced-accordion-icon-closed\"><i aria-hidden=\"true\" class=\"fa-accordion-icon fas fa-plus\"><\/i><\/span><span class=\"eael-advanced-accordion-icon-opened\"><i aria-hidden=\"true\" class=\"fa-accordion-icon fas fa-minus\"><\/i><\/span><span class=\"eael-accordion-tab-title\">How much does CaniClub cost?<\/span><i aria-hidden=\"true\" class=\"fa-toggle fas fa-angle-right\"><\/i><\/div><div id=\"elementor-tab-content-1353\" class=\"eael-accordion-content clearfix\" data-tab=\"3\" aria-labelledby=\"wie-viel-kostet-mich-caniclub\"><p>CaniClub is based on a licensing principle that is affordable for everyone. Instead of charging high upfront costs, we offer a licensing model that is based on the number of records. With this approach, everyone can use the software without making a significant initial investment.<\/p><p>In addition to the licensing fee, we charge a transaction fee of currently 5% for all payment amounts. This fee covers the costs associated with securely processing payments through our platform and allows us to provide you with a safe and reliable payment system.<\/p><p>We understand that fees are an important aspect when choosing a software solution, and we are always committed to offering fair and transparent pricing. Our licensing models and transaction fees allow us to continuously develop the software to meet your needs and provide an optimal user experience.<\/p><\/div>\n                <\/div><div class=\"eael-accordion-list\">\n                <div id=\"bekommt-jedes-mitglied-einen-caniclub-zugang\" class=\"elementor-tab-title eael-accordion-header\" tabindex=\"0\" data-tab=\"4\" aria-controls=\"elementor-tab-content-1354\"><span class=\"eael-advanced-accordion-icon-closed\"><i aria-hidden=\"true\" class=\"fa-accordion-icon fas fa-plus\"><\/i><\/span><span class=\"eael-advanced-accordion-icon-opened\"><i aria-hidden=\"true\" class=\"fa-accordion-icon fas fa-minus\"><\/i><\/span><span class=\"eael-accordion-tab-title\">Does each member get access to CaniClub?<\/span><i aria-hidden=\"true\" class=\"fa-toggle fas fa-angle-right\"><\/i><\/div><div id=\"elementor-tab-content-1354\" class=\"eael-accordion-content clearfix\" data-tab=\"4\" aria-labelledby=\"bekommt-jedes-mitglied-einen-caniclub-zugang\"><p>The optimal benefit of CaniClub is achieved through accessibility for the affiliated individuals of your club.<br \/>Jedoch kannst du dies nat\u00fcrlich selbst bestimmen.<br \/>CaniClub also offers the possibility to create individual user roles, thereby expanding or restricting permissions.<\/p><\/div>\n                <\/div><div class=\"eael-accordion-list\">\n                <div id=\"kann-ich-caniclub-jederzeit-kndigen\" class=\"elementor-tab-title eael-accordion-header\" tabindex=\"0\" data-tab=\"5\" aria-controls=\"elementor-tab-content-1355\"><span class=\"eael-advanced-accordion-icon-closed\"><i aria-hidden=\"true\" class=\"fa-accordion-icon fas fa-plus\"><\/i><\/span><span class=\"eael-advanced-accordion-icon-opened\"><i aria-hidden=\"true\" class=\"fa-accordion-icon fas fa-minus\"><\/i><\/span><span class=\"eael-accordion-tab-title\">Can I cancel CaniClub at any time?<\/span><i aria-hidden=\"true\" class=\"fa-toggle fas fa-angle-right\"><\/i><\/div><div id=\"elementor-tab-content-1355\" class=\"eael-accordion-content clearfix\" data-tab=\"5\" aria-labelledby=\"kann-ich-caniclub-jederzeit-kndigen\"><p>CaniClub has no minimum contract periods and can be canceled at any time before the next billing cycle (once a month) by sending an email to <a href=\"mailto:info@caniclub.de\">info@caniclub.de<\/a> .<\/p><\/div>\n                <\/div><div class=\"eael-accordion-list\">\n                <div id=\"wie-funktioniert-die-anwendung\" class=\"elementor-tab-title eael-accordion-header\" tabindex=\"0\" data-tab=\"6\" aria-controls=\"elementor-tab-content-1356\"><span class=\"eael-advanced-accordion-icon-closed\"><i aria-hidden=\"true\" class=\"fa-accordion-icon fas fa-plus\"><\/i><\/span><span class=\"eael-advanced-accordion-icon-opened\"><i aria-hidden=\"true\" class=\"fa-accordion-icon fas fa-minus\"><\/i><\/span><span class=\"eael-accordion-tab-title\">How does the application work?<\/span><i aria-hidden=\"true\" class=\"fa-toggle fas fa-angle-right\"><\/i><\/div><div id=\"elementor-tab-content-1356\" class=\"eael-accordion-content clearfix\" data-tab=\"6\" aria-labelledby=\"wie-funktioniert-die-anwendung\"><p>CaniClub works through numerous connections between the data you provide.<br \/>You will receive an organized overview of all relevant data for your organization.<br \/>Create breeding plans, print pedigrees, plan events, collect membership fees, or sell your items through the shop.<br \/>Give it a try - you will see how easy and straightforward CaniClub works.<\/p><\/div>\n                <\/div><div class=\"eael-accordion-list\">\n                <div id=\"wie-melde-ich-meinen-verein-an\" class=\"elementor-tab-title eael-accordion-header\" tabindex=\"0\" data-tab=\"7\" aria-controls=\"elementor-tab-content-1357\"><span class=\"eael-advanced-accordion-icon-closed\"><i aria-hidden=\"true\" class=\"fa-accordion-icon fas fa-plus\"><\/i><\/span><span class=\"eael-advanced-accordion-icon-opened\"><i aria-hidden=\"true\" class=\"fa-accordion-icon fas fa-minus\"><\/i><\/span><span class=\"eael-accordion-tab-title\">How do I register my club?<\/span><i aria-hidden=\"true\" class=\"fa-toggle fas fa-angle-right\"><\/i><\/div><div id=\"elementor-tab-content-1357\" class=\"eael-accordion-content clearfix\" data-tab=\"7\" aria-labelledby=\"wie-melde-ich-meinen-verein-an\"><p>https:\/\/www.caniclub.com\/registrieren\/<br \/>Please provide us with your contact information, and we will get in touch with you.<br \/>You will then receive free access and can start right away.<\/p><\/div>\n                <\/div><\/div>\t\t<\/div>\n\t\t\t\t<\/div>\n\t\t\t\t<div class=\"elementor-element elementor-element-cccfaa7 elementor-widget elementor-widget-text-editor\" data-id=\"cccfaa7\" data-element_type=\"widget\" data-widget_type=\"text-editor.default\">\n\t\t\t\t<div class=\"elementor-widget-container\">\n\t\t\t\t\t\t\t<p><span style=\"color: #ffffff;\">Do you have any other questions? Then please feel free to write to us directly through our<\/span> <a href=\"https:\/\/www.caniclub.com\/en\/start\/kontakt\/\">contact form<\/a><span style=\"color: #ffffff;\">.<\/span><\/p>\t\t\t\t\t\t<\/div>\n\t\t\t\t<\/div>\n\t\t\t\t\t<\/div>\n\t\t\t\t<\/div>\n\t\t<div class=\"elementor-element elementor-element-bc43816 e-flex e-con-boxed e-con e-parent\" data-id=\"bc43816\" data-element_type=\"container\" data-settings=\"{&quot;content_width&quot;:&quot;boxed&quot;}\" data-core-v316-plus=\"true\">\n\t\t\t\t\t<div class=\"e-con-inner\">\n\t\t\t\t<div class=\"elementor-element elementor-element-8559219 elementor-widget elementor-widget-heading\" data-id=\"8559219\" data-element_type=\"widget\" data-widget_type=\"heading.default\">\n\t\t\t\t<div class=\"elementor-widget-container\">\n\t\t\t<h2 class=\"elementor-heading-title elementor-size-default\">Start now and take your organization to the next level.<\/h2>\t\t<\/div>\n\t\t\t\t<\/div>\n\t\t\t\t<div class=\"elementor-element elementor-element-2444603 elementor-widget elementor-widget-text-editor\" data-id=\"2444603\" data-element_type=\"widget\" data-widget_type=\"text-editor.default\">\n\t\t\t\t<div class=\"elementor-widget-container\">\n\t\t\t\t\t\t\t<p style=\"text-align: center;\">Say goodbye to chaos and effortlessly boost your efficiency with CaniClub. Never before has digital organization in the field of dog breeding, dog and member management been so simple.<\/p>\t\t\t\t\t\t<\/div>\n\t\t\t\t<\/div>\n\t\t<div class=\"elementor-element elementor-element-cf11c10 e-flex e-con-boxed e-con e-child\" data-id=\"cf11c10\" data-element_type=\"container\" data-settings=\"{&quot;content_width&quot;:&quot;boxed&quot;}\">\n\t\t\t\t\t<div class=\"e-con-inner\">\n\t\t\t\t<div class=\"elementor-element elementor-element-303e061 elementor-widget elementor-widget-button\" data-id=\"303e061\" data-element_type=\"widget\" data-widget_type=\"button.default\">\n\t\t\t\t<div class=\"elementor-widget-container\">\n\t\t\t\t\t<div class=\"elementor-button-wrapper\">\n\t\t\t<a class=\"elementor-button elementor-button-link elementor-size-sm\" href=\"https:\/\/www.caniclub.com\/en\/start\/registrieren\/\">\n\t\t\t\t\t\t<span class=\"elementor-button-content-wrapper\">\n\t\t\t\t\t\t<span class=\"elementor-button-text\">Start for Free<\/span>\n\t\t<\/span>\n\t\t\t\t\t<\/a>\n\t\t<\/div>\n\t\t\t\t<\/div>\n\t\t\t\t<\/div>\n\t\t\t\t<div class=\"elementor-element elementor-element-1b70e7c elementor-widget elementor-widget-button\" data-id=\"1b70e7c\" data-element_type=\"widget\" data-widget_type=\"button.default\">\n\t\t\t\t<div class=\"elementor-widget-container\">\n\t\t\t\t\t<div class=\"elementor-button-wrapper\">\n\t\t\t<a class=\"elementor-button elementor-button-link elementor-size-sm\" href=\"https:\/\/www.caniclub.de\/cc\/login\" target=\"_blank\" rel=\"noopener\">\n\t\t\t\t\t\t<span class=\"elementor-button-content-wrapper\">\n\t\t\t\t\t\t<span class=\"elementor-button-text\">login<\/span>\n\t\t<\/span>\n\t\t\t\t\t<\/a>\n\t\t<\/div>\n\t\t\t\t<\/div>\n\t\t\t\t<\/div>\n\t\t\t\t\t<\/div>\n\t\t\t\t<\/div>\n\t\t\t\t\t<\/div>\n\t\t\t\t<\/div>\n\t\t\t\t<\/div>","protected":false},"excerpt":{"rendered":"<p>FAQ Hast du Fragen? Hier findest du einige h\u00e4ufige gestellte Fragen. Was kann CaniClub alles? CaniClub bietet eine breite Palette von Funktionen und Modulen an, die miteinander kommunizieren und verkn\u00fcpft sind. Digitales Zuchtbuch Hundedatenbank Mitgliederverwaltung Vereins\u00fcbersicht Elektronisches Zahlsystem f\u00fcr Beitr\u00e4ge und Services Eventplanung, Terminschutz, Meldetool (\u00fcber Caniva) Ist CaniClub nur f\u00fcr Rassezuchtvereine? Nein, CaniClub richtet [&hellip;]<\/p>","protected":false},"author":2,"featured_media":0,"parent":26,"menu_order":4,"comment_status":"closed","ping_status":"closed","template":"","meta":{"footnotes":""},"blocksy_meta":{"has_hero_section":"disabled"},"_links":{"self":[{"href":"https:\/\/www.caniclub.com\/en\/wp-json\/wp\/v2\/pages\/30"}],"collection":[{"href":"https:\/\/www.caniclub.com\/en\/wp-json\/wp\/v2\/pages"}],"about":[{"href":"https:\/\/www.caniclub.com\/en\/wp-json\/wp\/v2\/types\/page"}],"author":[{"embeddable":true,"href":"https:\/\/www.caniclub.com\/en\/wp-json\/wp\/v2\/users\/2"}],"replies":[{"embeddable":true,"href":"https:\/\/www.caniclub.com\/en\/wp-json\/wp\/v2\/comments?post=30"}],"version-history":[{"count":0,"href":"https:\/\/www.caniclub.com\/en\/wp-json\/wp\/v2\/pages\/30\/revisions"}],"up":[{"embeddable":true,"href":"https:\/\/www.caniclub.com\/en\/wp-json\/wp\/v2\/pages\/26"}],"wp:attachment":[{"href":"https:\/\/www.caniclub.com\/en\/wp-json\/wp\/v2\/media?parent=30"}],"curies":[{"name":"wp","href":"https:\/\/api.w.org\/{rel}","templated":true}]}}